{"id":239,"date":"2017-06-23T09:49:10","date_gmt":"2017-06-23T09:49:10","guid":{"rendered":"https:\/\/gokce.av.tr\/?page_id=239"},"modified":"2017-08-08T12:30:42","modified_gmt":"2017-08-08T12:30:42","slug":"our-team","status":"publish","type":"page","link":"https:\/\/gokce.av.tr\/en\/our-team\/","title":{"rendered":"Team"},"content":{"rendered":"<p>[vc_row lg_spacing=&#8221;margin_top:65&#8243; el_class=&#8221;team-row&#8221;][vc_column][vc_column_text]<div class=\"tm-grid-wrapper tm-blog  style-3 tm-grid-classic\" data-type=\"masonry\"\n\t\t data-sm-columns=\"2\" data-md-columns=\"4\" data-lg-columns=\"5\" data-grid-fitrows=\"true\"  data-gutter=\"30\" ><div class=\"tm-grid has-animation scale-up\" data-animation=\"true\"><div class=\"grid-sizer\"><\/div><div class=\"tm-team-member grid-item post-item has-post-thumbnail style-1 tm-animation scale-up animate\"><a class=\"team-member-link\" data-id=\"912\" href=\"https:\/\/gokce.av.tr\/en\/team\/gorkem-gokce\/\"><div class=\"photo\"><img loading=\"lazy\" decoding=\"async\" width=\"270\" height=\"270\" src=\"https:\/\/gokce.av.tr\/wp-content\/uploads\/2017\/07\/DSC_6177-2_-270x270.png\" class=\"team-member-image wp-post-image\" alt=\"\" srcset=\"https:\/\/gokce.av.tr\/wp-content\/uploads\/2017\/07\/DSC_6177-2_-270x270.png 270w, https:\/\/gokce.av.tr\/wp-content\/uploads\/2017\/07\/DSC_6177-2_-300x300.png 300w, https:\/\/gokce.av.tr\/wp-content\/uploads\/2017\/07\/DSC_6177-2_-1024x1024.png 1024w, https:\/\/gokce.av.tr\/wp-content\/uploads\/2017\/07\/DSC_6177-2_-150x150.png 150w, https:\/\/gokce.av.tr\/wp-content\/uploads\/2017\/07\/DSC_6177-2_-768x768.png 768w, https:\/\/gokce.av.tr\/wp-content\/uploads\/2017\/07\/DSC_6177-2_-1536x1536.png 1536w, https:\/\/gokce.av.tr\/wp-content\/uploads\/2017\/07\/DSC_6177-2_-2048x2048.png 2048w, https:\/\/gokce.av.tr\/wp-content\/uploads\/2017\/07\/DSC_6177-2_-540x540.png 540w, https:\/\/gokce.av.tr\/wp-content\/uploads\/2017\/07\/DSC_6177-2_-64x64.png 64w, https:\/\/gokce.av.tr\/wp-content\/uploads\/2017\/07\/DSC_6177-2_-600x600.png 600w, https:\/\/gokce.av.tr\/wp-content\/uploads\/2017\/07\/DSC_6177-2_-500x500.png 500w, https:\/\/gokce.av.tr\/wp-content\/uploads\/2017\/07\/DSC_6177-2_-480x480.png 480w, https:\/\/gokce.av.tr\/wp-content\/uploads\/2017\/07\/DSC_6177-2_-960x960.png 960w\" sizes=\"auto, (max-width: 270px) 100vw, 270px\" \/><\/div><div class=\"overlay\"><\/div><div class=\"info\"><div class=\"info-inner\"><div class=\"info-wrap\"><h3 class=\"name\">G\u00f6rkem G\u00f6k\u00e7e<\/h3><span class=\"position\">Managing Partner<\/span><\/div><\/div><\/div><\/a><\/div><div class=\"tm-team-member grid-item post-item has-post-thumbnail style-1 tm-animation scale-up animate\"><a class=\"team-member-link\" data-id=\"2419\" href=\"https:\/\/gokce.av.tr\/en\/team\/muberra-gurdal\/\"><div class=\"photo\"><img loading=\"lazy\" decoding=\"async\" width=\"270\" height=\"270\" src=\"https:\/\/gokce.av.tr\/wp-content\/uploads\/2019\/11\/DSC_6281-2_-270x270.png\" class=\"team-member-image wp-post-image\" alt=\"\" srcset=\"https:\/\/gokce.av.tr\/wp-content\/uploads\/2019\/11\/DSC_6281-2_-270x270.png 270w, https:\/\/gokce.av.tr\/wp-content\/uploads\/2019\/11\/DSC_6281-2_-300x300.png 300w, https:\/\/gokce.av.tr\/wp-content\/uploads\/2019\/11\/DSC_6281-2_-1024x1024.png 1024w, https:\/\/gokce.av.tr\/wp-content\/uploads\/2019\/11\/DSC_6281-2_-150x150.png 150w, https:\/\/gokce.av.tr\/wp-content\/uploads\/2019\/11\/DSC_6281-2_-768x768.png 768w, https:\/\/gokce.av.tr\/wp-content\/uploads\/2019\/11\/DSC_6281-2_-1536x1536.png 1536w, https:\/\/gokce.av.tr\/wp-content\/uploads\/2019\/11\/DSC_6281-2_-2048x2048.png 2048w, https:\/\/gokce.av.tr\/wp-content\/uploads\/2019\/11\/DSC_6281-2_-540x540.png 540w, https:\/\/gokce.av.tr\/wp-content\/uploads\/2019\/11\/DSC_6281-2_-64x64.png 64w, https:\/\/gokce.av.tr\/wp-content\/uploads\/2019\/11\/DSC_6281-2_-600x600.png 600w, https:\/\/gokce.av.tr\/wp-content\/uploads\/2019\/11\/DSC_6281-2_-500x500.png 500w, https:\/\/gokce.av.tr\/wp-content\/uploads\/2019\/11\/DSC_6281-2_-480x480.png 480w, https:\/\/gokce.av.tr\/wp-content\/uploads\/2019\/11\/DSC_6281-2_-960x960.png 960w\" sizes=\"auto, (max-width: 270px) 100vw, 270px\" \/><\/div><div class=\"overlay\"><\/div><div class=\"info\"><div class=\"info-inner\"><div class=\"info-wrap\"><h3 class=\"name\">M\u00fcberra G\u00fcrdal<\/h3><span class=\"position\">Head of Litigation<\/span><\/div><\/div><\/div><\/a><\/div><div class=\"tm-team-member grid-item post-item has-post-thumbnail style-1 tm-animation scale-up animate\"><a class=\"team-member-link\" data-id=\"1027\" href=\"https:\/\/gokce.av.tr\/en\/team\/kemal-berkarda\/\"><div class=\"photo\"><img loading=\"lazy\" decoding=\"async\" width=\"270\" height=\"270\" src=\"https:\/\/gokce.av.tr\/wp-content\/uploads\/2017\/08\/DSC_6573-3_-270x270.png\" class=\"team-member-image wp-post-image\" alt=\"\" srcset=\"https:\/\/gokce.av.tr\/wp-content\/uploads\/2017\/08\/DSC_6573-3_-270x270.png 270w, https:\/\/gokce.av.tr\/wp-content\/uploads\/2017\/08\/DSC_6573-3_-300x300.png 300w, https:\/\/gokce.av.tr\/wp-content\/uploads\/2017\/08\/DSC_6573-3_-1024x1024.png 1024w, https:\/\/gokce.av.tr\/wp-content\/uploads\/2017\/08\/DSC_6573-3_-150x150.png 150w, https:\/\/gokce.av.tr\/wp-content\/uploads\/2017\/08\/DSC_6573-3_-768x768.png 768w, https:\/\/gokce.av.tr\/wp-content\/uploads\/2017\/08\/DSC_6573-3_-1536x1536.png 1536w, https:\/\/gokce.av.tr\/wp-content\/uploads\/2017\/08\/DSC_6573-3_-2048x2048.png 2048w, https:\/\/gokce.av.tr\/wp-content\/uploads\/2017\/08\/DSC_6573-3_-540x540.png 540w, https:\/\/gokce.av.tr\/wp-content\/uploads\/2017\/08\/DSC_6573-3_-64x64.png 64w, https:\/\/gokce.av.tr\/wp-content\/uploads\/2017\/08\/DSC_6573-3_-600x600.png 600w, https:\/\/gokce.av.tr\/wp-content\/uploads\/2017\/08\/DSC_6573-3_-500x500.png 500w, https:\/\/gokce.av.tr\/wp-content\/uploads\/2017\/08\/DSC_6573-3_-480x480.png 480w, https:\/\/gokce.av.tr\/wp-content\/uploads\/2017\/08\/DSC_6573-3_-960x960.png 960w\" sizes=\"auto, (max-width: 270px) 100vw, 270px\" \/><\/div><div class=\"overlay\"><\/div><div class=\"info\"><div class=\"info-inner\"><div class=\"info-wrap\"><h3 class=\"name\">Dr. Kemal Berkarda<\/h3><span class=\"position\"><\/span><\/div><\/div><\/div><\/a><\/div><div class=\"tm-team-member grid-item post-item has-post-thumbnail style-1 tm-animation scale-up animate\"><a class=\"team-member-link\" data-id=\"3361\" href=\"https:\/\/gokce.av.tr\/en\/team\/haydar-aksoy\/\"><div class=\"photo\"><img decoding=\"async\" src=\"\/wp-content\/uploads\/2017\/08\/gokce-placeholder-270x270.png\" class=\"team-member-image\" title=\"\" alt=\"\" \/><\/div><div class=\"overlay\"><\/div><div class=\"info\"><div class=\"info-inner\"><div class=\"info-wrap\"><h3 class=\"name\">Haydar Aksoy<\/h3><span class=\"position\"><\/span><\/div><\/div><\/div><\/a><\/div><div class=\"tm-team-member grid-item post-item has-post-thumbnail style-1 tm-animation scale-up animate\"><a class=\"team-member-link\" data-id=\"2492\" href=\"https:\/\/gokce.av.tr\/en\/team\/aslihan-kayhan\/\"><div class=\"photo\"><img loading=\"lazy\" decoding=\"async\" width=\"270\" height=\"270\" src=\"https:\/\/gokce.av.tr\/wp-content\/uploads\/2020\/01\/DSC_2923-2_-270x270.png\" class=\"team-member-image wp-post-image\" alt=\"\" srcset=\"https:\/\/gokce.av.tr\/wp-content\/uploads\/2020\/01\/DSC_2923-2_-270x270.png 270w, https:\/\/gokce.av.tr\/wp-content\/uploads\/2020\/01\/DSC_2923-2_-300x300.png 300w, https:\/\/gokce.av.tr\/wp-content\/uploads\/2020\/01\/DSC_2923-2_-1024x1024.png 1024w, https:\/\/gokce.av.tr\/wp-content\/uploads\/2020\/01\/DSC_2923-2_-150x150.png 150w, https:\/\/gokce.av.tr\/wp-content\/uploads\/2020\/01\/DSC_2923-2_-768x768.png 768w, https:\/\/gokce.av.tr\/wp-content\/uploads\/2020\/01\/DSC_2923-2_-1536x1536.png 1536w, https:\/\/gokce.av.tr\/wp-content\/uploads\/2020\/01\/DSC_2923-2_-2048x2048.png 2048w, https:\/\/gokce.av.tr\/wp-content\/uploads\/2020\/01\/DSC_2923-2_-540x540.png 540w, https:\/\/gokce.av.tr\/wp-content\/uploads\/2020\/01\/DSC_2923-2_-64x64.png 64w, https:\/\/gokce.av.tr\/wp-content\/uploads\/2020\/01\/DSC_2923-2_-600x600.png 600w, https:\/\/gokce.av.tr\/wp-content\/uploads\/2020\/01\/DSC_2923-2_-500x500.png 500w, https:\/\/gokce.av.tr\/wp-content\/uploads\/2020\/01\/DSC_2923-2_-480x480.png 480w, https:\/\/gokce.av.tr\/wp-content\/uploads\/2020\/01\/DSC_2923-2_-960x960.png 960w\" sizes=\"auto, (max-width: 270px) 100vw, 270px\" \/><\/div><div class=\"overlay\"><\/div><div class=\"info\"><div class=\"info-inner\"><div class=\"info-wrap\"><h3 class=\"name\">Asl\u0131han Kayhan<\/h3><span class=\"position\">Senior Associate<\/span><\/div><\/div><\/div><\/a><\/div><div class=\"tm-team-member grid-item post-item has-post-thumbnail style-1 tm-animation scale-up animate\"><a class=\"team-member-link\" data-id=\"1709\" href=\"https:\/\/gokce.av.tr\/en\/team\/basak-tas\/\"><div class=\"photo\"><img loading=\"lazy\" decoding=\"async\" width=\"270\" height=\"270\" src=\"https:\/\/gokce.av.tr\/wp-content\/uploads\/2018\/04\/DSC_5816-2_-270x270.png\" class=\"team-member-image wp-post-image\" alt=\"\" srcset=\"https:\/\/gokce.av.tr\/wp-content\/uploads\/2018\/04\/DSC_5816-2_-270x270.png 270w, https:\/\/gokce.av.tr\/wp-content\/uploads\/2018\/04\/DSC_5816-2_-300x300.png 300w, https:\/\/gokce.av.tr\/wp-content\/uploads\/2018\/04\/DSC_5816-2_-1024x1024.png 1024w, https:\/\/gokce.av.tr\/wp-content\/uploads\/2018\/04\/DSC_5816-2_-150x150.png 150w, https:\/\/gokce.av.tr\/wp-content\/uploads\/2018\/04\/DSC_5816-2_-768x768.png 768w, https:\/\/gokce.av.tr\/wp-content\/uploads\/2018\/04\/DSC_5816-2_-1536x1536.png 1536w, https:\/\/gokce.av.tr\/wp-content\/uploads\/2018\/04\/DSC_5816-2_-2048x2048.png 2048w, https:\/\/gokce.av.tr\/wp-content\/uploads\/2018\/04\/DSC_5816-2_-540x540.png 540w, https:\/\/gokce.av.tr\/wp-content\/uploads\/2018\/04\/DSC_5816-2_-64x64.png 64w, https:\/\/gokce.av.tr\/wp-content\/uploads\/2018\/04\/DSC_5816-2_-600x600.png 600w, https:\/\/gokce.av.tr\/wp-content\/uploads\/2018\/04\/DSC_5816-2_-500x500.png 500w, https:\/\/gokce.av.tr\/wp-content\/uploads\/2018\/04\/DSC_5816-2_-480x480.png 480w, https:\/\/gokce.av.tr\/wp-content\/uploads\/2018\/04\/DSC_5816-2_-960x960.png 960w\" sizes=\"auto, (max-width: 270px) 100vw, 270px\" \/><\/div><div class=\"overlay\"><\/div><div class=\"info\"><div class=\"info-inner\"><div class=\"info-wrap\"><h3 class=\"name\">Ba\u015fak Ta\u015f<\/h3><span class=\"position\">Senior Associate<\/span><\/div><\/div><\/div><\/a><\/div><div class=\"tm-team-member grid-item post-item has-post-thumbnail style-1 tm-animation scale-up animate\"><a class=\"team-member-link\" data-id=\"3694\" href=\"https:\/\/gokce.av.tr\/en\/team\/gizem-nur-cay\/\"><div class=\"photo\"><img loading=\"lazy\" decoding=\"async\" width=\"270\" height=\"270\" src=\"https:\/\/gokce.av.tr\/wp-content\/uploads\/2025\/01\/gizem-270x270.jpg\" class=\"team-member-image wp-post-image\" alt=\"\" srcset=\"https:\/\/gokce.av.tr\/wp-content\/uploads\/2025\/01\/gizem-270x270.jpg 270w, https:\/\/gokce.av.tr\/wp-content\/uploads\/2025\/01\/gizem-300x300.jpg 300w, https:\/\/gokce.av.tr\/wp-content\/uploads\/2025\/01\/gizem-1024x1024.jpg 1024w, https:\/\/gokce.av.tr\/wp-content\/uploads\/2025\/01\/gizem-150x150.jpg 150w, https:\/\/gokce.av.tr\/wp-content\/uploads\/2025\/01\/gizem-768x768.jpg 768w, https:\/\/gokce.av.tr\/wp-content\/uploads\/2025\/01\/gizem-1536x1536.jpg 1536w, https:\/\/gokce.av.tr\/wp-content\/uploads\/2025\/01\/gizem-540x540.jpg 540w, https:\/\/gokce.av.tr\/wp-content\/uploads\/2025\/01\/gizem-64x64.jpg 64w, https:\/\/gokce.av.tr\/wp-content\/uploads\/2025\/01\/gizem-600x600.jpg 600w, https:\/\/gokce.av.tr\/wp-content\/uploads\/2025\/01\/gizem-500x500.jpg 500w, https:\/\/gokce.av.tr\/wp-content\/uploads\/2025\/01\/gizem-480x480.jpg 480w, https:\/\/gokce.av.tr\/wp-content\/uploads\/2025\/01\/gizem-960x960.jpg 960w, https:\/\/gokce.av.tr\/wp-content\/uploads\/2025\/01\/gizem.jpg 1600w\" sizes=\"auto, (max-width: 270px) 100vw, 270px\" \/><\/div><div class=\"overlay\"><\/div><div class=\"info\"><div class=\"info-inner\"><div class=\"info-wrap\"><h3 class=\"name\">Gizem Nur \u00c7ay<\/h3><span class=\"position\"><\/span><\/div><\/div><\/div><\/a><\/div><div class=\"tm-team-member grid-item post-item has-post-thumbnail style-1 tm-animation scale-up animate\"><a class=\"team-member-link\" data-id=\"3638\" href=\"https:\/\/gokce.av.tr\/en\/team\/nimet-sezin-cil\/\"><div class=\"photo\"><img loading=\"lazy\" decoding=\"async\" width=\"270\" height=\"270\" src=\"https:\/\/gokce.av.tr\/wp-content\/uploads\/2024\/10\/nimet-sezin-cil-1-270x270.jpg\" class=\"team-member-image wp-post-image\" alt=\"\" srcset=\"https:\/\/gokce.av.tr\/wp-content\/uploads\/2024\/10\/nimet-sezin-cil-1-270x270.jpg 270w, https:\/\/gokce.av.tr\/wp-content\/uploads\/2024\/10\/nimet-sezin-cil-1-300x300.jpg 300w, https:\/\/gokce.av.tr\/wp-content\/uploads\/2024\/10\/nimet-sezin-cil-1-150x150.jpg 150w, https:\/\/gokce.av.tr\/wp-content\/uploads\/2024\/10\/nimet-sezin-cil-1-768x768.jpg 768w, https:\/\/gokce.av.tr\/wp-content\/uploads\/2024\/10\/nimet-sezin-cil-1-540x540.jpg 540w, https:\/\/gokce.av.tr\/wp-content\/uploads\/2024\/10\/nimet-sezin-cil-1-64x64.jpg 64w, https:\/\/gokce.av.tr\/wp-content\/uploads\/2024\/10\/nimet-sezin-cil-1-600x600.jpg 600w, https:\/\/gokce.av.tr\/wp-content\/uploads\/2024\/10\/nimet-sezin-cil-1-500x500.jpg 500w, https:\/\/gokce.av.tr\/wp-content\/uploads\/2024\/10\/nimet-sezin-cil-1-480x480.jpg 480w, https:\/\/gokce.av.tr\/wp-content\/uploads\/2024\/10\/nimet-sezin-cil-1.jpg 786w\" sizes=\"auto, (max-width: 270px) 100vw, 270px\" \/><\/div><div class=\"overlay\"><\/div><div class=\"info\"><div class=\"info-inner\"><div class=\"info-wrap\"><h3 class=\"name\">Nimet Sezin \u00c7il<\/h3><span class=\"position\"><\/span><\/div><\/div><\/div><\/a><\/div><div class=\"tm-team-member grid-item post-item has-post-thumbnail style-1 tm-animation scale-up animate\"><a class=\"team-member-link\" data-id=\"3265\" href=\"https:\/\/gokce.av.tr\/en\/team\/tugce-beyazkilic\/\"><div class=\"photo\"><img loading=\"lazy\" decoding=\"async\" width=\"270\" height=\"270\" src=\"https:\/\/gokce.av.tr\/wp-content\/uploads\/2022\/09\/Tu\u011f\u00e7e-Beyazk\u0131l\u0131n\u00e7-270x270.jpg\" class=\"team-member-image wp-post-image\" alt=\"\" srcset=\"https:\/\/gokce.av.tr\/wp-content\/uploads\/2022\/09\/Tu\u011f\u00e7e-Beyazk\u0131l\u0131n\u00e7-270x270.jpg 270w, https:\/\/gokce.av.tr\/wp-content\/uploads\/2022\/09\/Tu\u011f\u00e7e-Beyazk\u0131l\u0131n\u00e7-150x150.jpg 150w, https:\/\/gokce.av.tr\/wp-content\/uploads\/2022\/09\/Tu\u011f\u00e7e-Beyazk\u0131l\u0131n\u00e7-540x540.jpg 540w, https:\/\/gokce.av.tr\/wp-content\/uploads\/2022\/09\/Tu\u011f\u00e7e-Beyazk\u0131l\u0131n\u00e7-64x64.jpg 64w, https:\/\/gokce.av.tr\/wp-content\/uploads\/2022\/09\/Tu\u011f\u00e7e-Beyazk\u0131l\u0131n\u00e7-600x600.jpg 600w, https:\/\/gokce.av.tr\/wp-content\/uploads\/2022\/09\/Tu\u011f\u00e7e-Beyazk\u0131l\u0131n\u00e7-480x480.jpg 480w, https:\/\/gokce.av.tr\/wp-content\/uploads\/2022\/09\/Tu\u011f\u00e7e-Beyazk\u0131l\u0131n\u00e7-960x960.jpg 960w\" sizes=\"auto, (max-width: 270px) 100vw, 270px\" \/><\/div><div class=\"overlay\"><\/div><div class=\"info\"><div class=\"info-inner\"><div class=\"info-wrap\"><h3 class=\"name\">Tu\u011f\u00e7e Beyazk\u0131l\u0131n\u00e7<\/h3><span class=\"position\"><\/span><\/div><\/div><\/div><\/a><\/div><div class=\"tm-team-member grid-item post-item has-post-thumbnail style-1 tm-animation scale-up animate\"><a class=\"team-member-link\" data-id=\"889\" href=\"https:\/\/gokce.av.tr\/en\/team\/yagmur-yollu\/\"><div class=\"photo\"><img loading=\"lazy\" decoding=\"async\" width=\"270\" height=\"270\" src=\"https:\/\/gokce.av.tr\/wp-content\/uploads\/2017\/07\/DSC_2959-2_-270x270.png\" class=\"team-member-image wp-post-image\" alt=\"\" srcset=\"https:\/\/gokce.av.tr\/wp-content\/uploads\/2017\/07\/DSC_2959-2_-270x270.png 270w, https:\/\/gokce.av.tr\/wp-content\/uploads\/2017\/07\/DSC_2959-2_-300x300.png 300w, https:\/\/gokce.av.tr\/wp-content\/uploads\/2017\/07\/DSC_2959-2_-1024x1024.png 1024w, https:\/\/gokce.av.tr\/wp-content\/uploads\/2017\/07\/DSC_2959-2_-150x150.png 150w, https:\/\/gokce.av.tr\/wp-content\/uploads\/2017\/07\/DSC_2959-2_-768x768.png 768w, https:\/\/gokce.av.tr\/wp-content\/uploads\/2017\/07\/DSC_2959-2_-1536x1536.png 1536w, https:\/\/gokce.av.tr\/wp-content\/uploads\/2017\/07\/DSC_2959-2_-2048x2048.png 2048w, https:\/\/gokce.av.tr\/wp-content\/uploads\/2017\/07\/DSC_2959-2_-540x540.png 540w, https:\/\/gokce.av.tr\/wp-content\/uploads\/2017\/07\/DSC_2959-2_-64x64.png 64w, https:\/\/gokce.av.tr\/wp-content\/uploads\/2017\/07\/DSC_2959-2_-600x600.png 600w, https:\/\/gokce.av.tr\/wp-content\/uploads\/2017\/07\/DSC_2959-2_-500x500.png 500w, https:\/\/gokce.av.tr\/wp-content\/uploads\/2017\/07\/DSC_2959-2_-480x480.png 480w, https:\/\/gokce.av.tr\/wp-content\/uploads\/2017\/07\/DSC_2959-2_-960x960.png 960w\" sizes=\"auto, (max-width: 270px) 100vw, 270px\" \/><\/div><div class=\"overlay\"><\/div><div class=\"info\"><div class=\"info-inner\"><div class=\"info-wrap\"><h3 class=\"name\">Ya\u011fmur Yollu<\/h3><span class=\"position\">Senior Associate<\/span><\/div><\/div><\/div><\/a><\/div><\/div><\/div>\n\t<div id=\"modal-overlay\"><\/div>\n\t<div id=\"myModal\" class=\"modal\">\n\n  <!-- Modal content -->\n  <div class=\"modal-content\">\n    <span class=\"close\">&times;<\/span>\n    <div class=\"modal-container\">\n        <p>Loading...<\/p>\n    <\/div>\n  <\/div>\n\n<\/div>[\/vc_column_text][\/vc_column][\/vc_row]<\/p>","protected":false},"excerpt":{"rendered":"[vc_row lg_spacing=&#8221;margin_top:65&#8243; el_class=&#8221;team-row&#8221;][vc_column][vc_column_text][\/vc_column_text][\/vc_column][\/vc_row]","protected":false},"author":1,"featured_media":0,"parent":0,"menu_order":0,"comment_status":"closed","ping_status":"closed","template":"","meta":{"footnotes":""},"class_list":["post-239","page","type-page","status-publish","hentry"],"yoast_head":"<title>Team | Gokce Attorney Partnership<\/title>\n<meta name=\"robots\" content=\"index, follow, max-snippet:-1, max-image-preview:large, max-video-preview:-1\" \/>\n<link rel=\"canonical\" href=\"https:\/\/gokce.av.tr\/en\/our-team\/\" \/>\n<meta property=\"og:locale\" content=\"en_US\" \/>\n<meta property=\"og:type\" content=\"article\" \/>\n<meta property=\"og:title\" content=\"[:en]Team[:] | Gokce Attorney Partnership\" \/>\n<meta property=\"og:description\" content=\"[vc_row lg_spacing=&#8221;margin_top:65&#8243; el_class=&#8221;team-row&#8221;][vc_column][vc_column_text][\/vc_column_text][\/vc_column][\/vc_row]\" \/>\n<meta property=\"og:url\" content=\"https:\/\/gokce.av.tr\/en\/our-team\/\" \/>\n<meta property=\"og:site_name\" content=\"Gokce Attorney Partnership\" \/>\n<meta property=\"article:modified_time\" content=\"2017-08-08T12:30:42+00:00\" \/>\n<meta name=\"twitter:card\" content=\"summary_large_image\" \/>\n<script type=\"application\/ld+json\" class=\"yoast-schema-graph\">{\"@context\":\"https:\/\/schema.org\",\"@graph\":[{\"@type\":\"WebPage\",\"@id\":\"https:\/\/gokce.av.tr\/en\/our-team\/\",\"url\":\"https:\/\/gokce.av.tr\/en\/our-team\/\",\"name\":\"[:en]Team[:] | Gokce Attorney Partnership\",\"isPartOf\":{\"@id\":\"https:\/\/gokce.av.tr\/en\/#website\"},\"datePublished\":\"2017-06-23T09:49:10+00:00\",\"dateModified\":\"2017-08-08T12:30:42+00:00\",\"breadcrumb\":{\"@id\":\"https:\/\/gokce.av.tr\/en\/our-team\/#breadcrumb\"},\"inLanguage\":\"en-US\",\"potentialAction\":[{\"@type\":\"ReadAction\",\"target\":[\"https:\/\/gokce.av.tr\/en\/our-team\/\"]}]},{\"@type\":\"BreadcrumbList\",\"@id\":\"https:\/\/gokce.av.tr\/en\/our-team\/#breadcrumb\",\"itemListElement\":[{\"@type\":\"ListItem\",\"position\":1,\"name\":\"Home\",\"item\":\"https:\/\/gokce.av.tr\/en\/\"},{\"@type\":\"ListItem\",\"position\":2,\"name\":\"Team\"}]},{\"@type\":\"WebSite\",\"@id\":\"https:\/\/gokce.av.tr\/en\/#website\",\"url\":\"https:\/\/gokce.av.tr\/en\/\",\"name\":\"Gokce Attorney Partnership\",\"description\":\"\",\"publisher\":{\"@id\":\"https:\/\/gokce.av.tr\/en\/#organization\"},\"potentialAction\":[{\"@type\":\"SearchAction\",\"target\":{\"@type\":\"EntryPoint\",\"urlTemplate\":\"https:\/\/gokce.av.tr\/en\/?s={search_term_string}\"},\"query-input\":{\"@type\":\"PropertyValueSpecification\",\"valueRequired\":true,\"valueName\":\"search_term_string\"}}],\"inLanguage\":\"en-US\"},{\"@type\":\"Organization\",\"@id\":\"https:\/\/gokce.av.tr\/en\/#organization\",\"name\":\"G\u00f6k\u00e7e Avukatl\u0131k\",\"url\":\"https:\/\/gokce.av.tr\/en\/\",\"logo\":{\"@type\":\"ImageObject\",\"inLanguage\":\"en-US\",\"@id\":\"https:\/\/gokce.av.tr\/en\/#\/schema\/logo\/image\/\",\"url\":\"http:\/\/gokce.av.tr\/wp-content\/uploads\/2017\/06\/logo-dark.png\",\"contentUrl\":\"http:\/\/gokce.av.tr\/wp-content\/uploads\/2017\/06\/logo-dark.png\",\"width\":171,\"height\":70,\"caption\":\"G\u00f6k\u00e7e Avukatl\u0131k\"},\"image\":{\"@id\":\"https:\/\/gokce.av.tr\/en\/#\/schema\/logo\/image\/\"}}]}<\/script>","yoast_head_json":{"title":"[:en]Team[:] | Gokce Attorney Partnership","robots":{"index":"index","follow":"follow","max-snippet":"max-snippet:-1","max-image-preview":"max-image-preview:large","max-video-preview":"max-video-preview:-1"},"canonical":"https:\/\/gokce.av.tr\/en\/our-team\/","og_locale":"en_US","og_type":"article","og_title":"[:en]Team[:] | Gokce Attorney Partnership","og_description":"[vc_row lg_spacing=&#8221;margin_top:65&#8243; el_class=&#8221;team-row&#8221;][vc_column][vc_column_text][\/vc_column_text][\/vc_column][\/vc_row]","og_url":"https:\/\/gokce.av.tr\/en\/our-team\/","og_site_name":"Gokce Attorney Partnership","article_modified_time":"2017-08-08T12:30:42+00:00","twitter_card":"summary_large_image","schema":{"@context":"https:\/\/schema.org","@graph":[{"@type":"WebPage","@id":"https:\/\/gokce.av.tr\/en\/our-team\/","url":"https:\/\/gokce.av.tr\/en\/our-team\/","name":"[:en]Team[:] | Gokce Attorney Partnership","isPartOf":{"@id":"https:\/\/gokce.av.tr\/en\/#website"},"datePublished":"2017-06-23T09:49:10+00:00","dateModified":"2017-08-08T12:30:42+00:00","breadcrumb":{"@id":"https:\/\/gokce.av.tr\/en\/our-team\/#breadcrumb"},"inLanguage":"en-US","potentialAction":[{"@type":"ReadAction","target":["https:\/\/gokce.av.tr\/en\/our-team\/"]}]},{"@type":"BreadcrumbList","@id":"https:\/\/gokce.av.tr\/en\/our-team\/#breadcrumb","itemListElement":[{"@type":"ListItem","position":1,"name":"Home","item":"https:\/\/gokce.av.tr\/en\/"},{"@type":"ListItem","position":2,"name":"Team"}]},{"@type":"WebSite","@id":"https:\/\/gokce.av.tr\/en\/#website","url":"https:\/\/gokce.av.tr\/en\/","name":"Gokce Attorney Partnership","description":"","publisher":{"@id":"https:\/\/gokce.av.tr\/en\/#organization"},"potentialAction":[{"@type":"SearchAction","target":{"@type":"EntryPoint","urlTemplate":"https:\/\/gokce.av.tr\/en\/?s={search_term_string}"},"query-input":{"@type":"PropertyValueSpecification","valueRequired":true,"valueName":"search_term_string"}}],"inLanguage":"en-US"},{"@type":"Organization","@id":"https:\/\/gokce.av.tr\/en\/#organization","name":"G\u00f6k\u00e7e Avukatl\u0131k","url":"https:\/\/gokce.av.tr\/en\/","logo":{"@type":"ImageObject","inLanguage":"en-US","@id":"https:\/\/gokce.av.tr\/en\/#\/schema\/logo\/image\/","url":"http:\/\/gokce.av.tr\/wp-content\/uploads\/2017\/06\/logo-dark.png","contentUrl":"http:\/\/gokce.av.tr\/wp-content\/uploads\/2017\/06\/logo-dark.png","width":171,"height":70,"caption":"G\u00f6k\u00e7e Avukatl\u0131k"},"image":{"@id":"https:\/\/gokce.av.tr\/en\/#\/schema\/logo\/image\/"}}]}},"_links":{"self":[{"href":"https:\/\/gokce.av.tr\/en\/wp-json\/wp\/v2\/pages\/239","targetHints":{"allow":["GET"]}}],"collection":[{"href":"https:\/\/gokce.av.tr\/en\/wp-json\/wp\/v2\/pages"}],"about":[{"href":"https:\/\/gokce.av.tr\/en\/wp-json\/wp\/v2\/types\/page"}],"author":[{"embeddable":true,"href":"https:\/\/gokce.av.tr\/en\/wp-json\/wp\/v2\/users\/1"}],"replies":[{"embeddable":true,"href":"https:\/\/gokce.av.tr\/en\/wp-json\/wp\/v2\/comments?post=239"}],"version-history":[{"count":0,"href":"https:\/\/gokce.av.tr\/en\/wp-json\/wp\/v2\/pages\/239\/revisions"}],"wp:attachment":[{"href":"https:\/\/gokce.av.tr\/en\/wp-json\/wp\/v2\/media?parent=239"}],"curies":[{"name":"wp","href":"https:\/\/api.w.org\/{rel}","templated":true}]}}