{"id":232,"date":"2017-06-23T09:29:35","date_gmt":"2017-06-23T09:29:35","guid":{"rendered":"https:\/\/gokce.av.tr\/?page_id=232"},"modified":"2017-08-10T09:03:05","modified_gmt":"2017-08-10T09:03:05","slug":"blog","status":"publish","type":"page","link":"https:\/\/gokce.av.tr\/en\/blog\/","title":{"rendered":"Blog"},"content":{"rendered":"<p>[vc_row full_width=&#8221;stretch_row_content&#8221; custom_border_color=&#8221;&#8221; background_color=&#8221;custom_color&#8221; el_class=&#8221;category-filter-row&#8221; custom_background_color=&#8221;#f4f4f4&#8243; lg_spacing=&#8221;padding_top:50;padding_bottom:50&#8243;][vc_column]<div class=\"col-sm-10 col-sm-offset-1 col-md-10 col-md-offset-1 col-lg-8 col-lg-offset-2 kategori-2-row\"><div class=\"row\"><div class=\"col-kategori-2\"><a href=\"https:\/\/gokce.av.tr\/en\/category\/business-restructuring\/\" class=\"tm-button kategori-2-style tm-button-md tm-button-default\"><i class=\"fa fa-chevron-right\" aria-hidden=\"true\"><\/i>Business Restructuring<\/a><a href=\"https:\/\/gokce.av.tr\/en\/category\/competition-law\/\" class=\"tm-button kategori-2-style tm-button-md tm-button-default\"><i class=\"fa fa-chevron-right\" aria-hidden=\"true\"><\/i>Competition Law<\/a><\/div><div class=\"col-kategori-2\"><a href=\"https:\/\/gokce.av.tr\/en\/category\/consumer-law\/\" class=\"tm-button kategori-2-style tm-button-md tm-button-default\"><i class=\"fa fa-chevron-right\" aria-hidden=\"true\"><\/i>Consumer Law<\/a><a href=\"https:\/\/gokce.av.tr\/en\/category\/commerical-disputes\/\" class=\"tm-button kategori-2-style tm-button-md tm-button-default\"><i class=\"fa fa-chevron-right\" aria-hidden=\"true\"><\/i>Commerical Disputes<\/a><\/div><div class=\"col-kategori-2\"><a href=\"https:\/\/gokce.av.tr\/en\/category\/data-protection\/\" class=\"tm-button kategori-2-style tm-button-md tm-button-default\"><i class=\"fa fa-chevron-right\" aria-hidden=\"true\"><\/i>Data Protection<\/a><a href=\"https:\/\/gokce.av.tr\/en\/category\/intellectual-property\/\" class=\"tm-button kategori-2-style tm-button-md tm-button-default\"><i class=\"fa fa-chevron-right\" aria-hidden=\"true\"><\/i>Intellectual Property<\/a><\/div><div class=\"col-kategori-2\"><a href=\"https:\/\/gokce.av.tr\/en\/category\/asset-investment-management\/\" class=\"tm-button kategori-2-style tm-button-md tm-button-default\"><i class=\"fa fa-chevron-right\" aria-hidden=\"true\"><\/i>Asset &amp; Investment Management<\/a><a href=\"https:\/\/gokce.av.tr\/en\/category\/bankruptcy-and-insolvency\/\" class=\"tm-button kategori-2-style tm-button-md tm-button-default\"><i class=\"fa fa-chevron-right\" aria-hidden=\"true\"><\/i>Bankruptcy and Insolvency<\/a><\/div><\/div><\/div>[\/vc_column][\/vc_row][vc_row full_width=&#8221;stretch_row_content&#8221; custom_border_color=&#8221;&#8221; background_color=&#8221;custom_color&#8221; el_class=&#8221;category-filter-row&#8221; custom_background_color=&#8221;#e9e9e9&#8243; lg_spacing=&#8221;padding_top:35;padding_bottom:35&#8243;][vc_column]\n        <div class=\"tm-filter-button-group category-filter-button-group left show-filter-counter\">\n            <div class=\"col-md-12\">\n                <div class=\"row\">\n        <div class=\"col-lg-1 col-md-3 col-sm-4 col-xs-6 col-lg-offset-2 text-center category-filter-container\"><a href=\"https:\/\/gokce.av.tr\/en\/category\/e-commerce\/\" class=\"category-btn-filter tm-button style-3 tm-button-md tm-button-default\">\n                    <i class=\"pe-7s-cart secondary-color-important secondary-border-color-important\"><\/i>\n                    <span class=\"filter-text\">E-Commerce<\/span>\n                <\/a>\n            <\/div>\n             <div class=\"col-lg-1 col-md-3 col-sm-4 col-xs-6 text-center category-filter-container\"><a href=\"https:\/\/gokce.av.tr\/en\/category\/robotics\/\" class=\"category-btn-filter tm-button style-3 tm-button-md tm-button-default\">\n                    <i class=\"pe-7s-rocket secondary-color-important secondary-border-color-important\"><\/i>\n                    <span class=\"filter-text\">Robotics<\/span>\n                <\/a>\n            <\/div>\n             <div class=\"col-lg-1 col-md-3 col-sm-4 col-xs-6 text-center category-filter-container\"><a href=\"https:\/\/gokce.av.tr\/en\/category\/startups\/\" class=\"category-btn-filter tm-button style-3 tm-button-md tm-button-default\">\n                    <i class=\"pe-7s-display1 secondary-color-important secondary-border-color-important\"><\/i>\n                    <span class=\"filter-text\">Startups<\/span>\n                <\/a>\n            <\/div>\n             <div class=\"col-lg-1 col-md-3 col-sm-4 col-xs-6 text-center category-filter-container\"><a href=\"https:\/\/gokce.av.tr\/en\/category\/digital-media\/\" class=\"category-btn-filter tm-button style-3 tm-button-md tm-button-default\">\n                    <i class=\"pe-7s-share secondary-color-important secondary-border-color-important\"><\/i>\n                    <span class=\"filter-text\">Digital Media<\/span>\n                <\/a>\n            <\/div>\n             <div class=\"col-lg-1 col-md-3 col-sm-4 col-xs-6 text-center category-filter-container\"><a href=\"https:\/\/gokce.av.tr\/en\/category\/product\/\" class=\"category-btn-filter tm-button style-3 tm-button-md tm-button-default\">\n                    <i class=\"pe-7s-phone secondary-color-important secondary-border-color-important\"><\/i>\n                    <span class=\"filter-text\">Product<\/span>\n                <\/a>\n            <\/div>\n             <div class=\"col-lg-1 col-md-3 col-sm-4 col-xs-6 text-center category-filter-container\"><a href=\"https:\/\/gokce.av.tr\/en\/category\/ai\/\" class=\"category-btn-filter tm-button style-3 tm-button-md tm-button-default\">\n                    <i class=\"pe-7s-network secondary-color-important secondary-border-color-important\"><\/i>\n                    <span class=\"filter-text\">AI<\/span>\n                <\/a>\n            <\/div>\n             <div class=\"col-lg-1 col-md-3 col-sm-4 col-xs-6 text-center category-filter-container\"><a href=\"https:\/\/gokce.av.tr\/en\/category\/iot\/\" class=\"category-btn-filter tm-button style-3 tm-button-md tm-button-default\">\n                    <i class=\"pe-7s-plugin secondary-color-important secondary-border-color-important\"><\/i>\n                    <span class=\"filter-text\">IoT<\/span>\n                <\/a>\n            <\/div>\n             <div class=\"col-lg-1 col-md-3 col-sm-4 col-xs-6 text-center category-filter-container\"><a href=\"https:\/\/gokce.av.tr\/en\/category\/fintech\/\" class=\"category-btn-filter tm-button style-3 tm-button-md tm-button-default\">\n                    <i class=\"pe-7s-credit secondary-color-important secondary-border-color-important\"><\/i>\n                    <span class=\"filter-text\">FinTech<\/span>\n                <\/a>\n            <\/div>\n             \n    <\/div>\n            <\/div>\n        <\/div>\n        [\/vc_column][\/vc_row][vc_row full_width=&#8221;stretch_row_content&#8221; equal_height=&#8221;yes&#8221; lg_spacing=&#8221;margin_top:50&#8243;][vc_column offset=&#8221;vc_col-lg-offset-2 vc_col-lg-8 vc_col-md-12 vc_col-xs-12&#8243;][tm_blog style=&#8221;3&#8243; gutter=&#8221;30&#8243; animation=&#8221;&#8221; el_class=&#8221;custom-blog-container&#8221; number=&#8221;9&#8243; pagination=&#8221;infinite&#8221; pagination_align=&#8221;center&#8221; columns=&#8221;xs:1;sm:2;lg:3&#8243;][\/vc_column][\/vc_row][vc_row disable_element=&#8221;yes&#8221;][vc_column][vc_widget_sidebar sidebar_id=&#8221;blog_sidebar&#8221; el_class=&#8221;blog-page-sidebar no-pad-left&#8221;][\/vc_column][\/vc_row]<\/p>","protected":false},"excerpt":{"rendered":"[vc_row full_width=&#8221;stretch_row_content&#8221; custom_border_color=&#8221;&#8221; background_color=&#8221;custom_color&#8221; el_class=&#8221;category-filter-row&#8221; custom_background_color=&#8221;#f4f4f4&#8243; lg_spacing=&#8221;padding_top:50;padding_bottom:50&#8243;][vc_column][\/vc_column][\/vc_row][vc_row full_width=&#8221;stretch_row_content&#8221; custom_border_color=&#8221;&#8221; background_color=&#8221;custom_color&#8221; el_class=&#8221;category-filter-row&#8221; custom_background_color=&#8221;#e9e9e9&#8243; lg_spacing=&#8221;padding_top:35;padding_bottom:35&#8243;][vc_column][\/vc_column][\/vc_row][vc_row full_width=&#8221;stretch_row_content&#8221; equal_height=&#8221;yes&#8221; lg_spacing=&#8221;margin_top:50&#8243;][vc_column offset=&#8221;vc_col-lg-offset-2 vc_col-lg-8 vc_col-md-12 vc_col-xs-12&#8243;][tm_blog style=&#8221;3&#8243; gutter=&#8221;30&#8243; animation=&#8221;&#8221; el_class=&#8221;custom-blog-container&#8221; number=&#8221;9&#8243; pagination=&#8221;infinite&#8221; pagination_align=&#8221;center&#8221; columns=&#8221;xs:1;sm:2;lg:3&#8243;][\/vc_column][\/vc_row][vc_row disable_element=&#8221;yes&#8221;][vc_column][vc_widget_sidebar sidebar_id=&#8221;blog_sidebar&#8221; el_class=&#8221;blog-page-sidebar no-pad-left&#8221;][\/vc_column][\/vc_row]","protected":false},"author":1,"featured_media":0,"parent":0,"menu_order":0,"comment_status":"closed","ping_status":"closed","template":"blog-page-template.php","meta":{"footnotes":""},"class_list":["post-232","page","type-page","status-publish","hentry"],"yoast_head":"<title>Blog | Gokce Attorney Partnership<\/title>\n<meta name=\"robots\" content=\"index, follow, max-snippet:-1, max-image-preview:large, max-video-preview:-1\" \/>\n<link rel=\"canonical\" href=\"https:\/\/gokce.av.tr\/en\/blog\/\" \/>\n<meta property=\"og:locale\" content=\"en_US\" \/>\n<meta property=\"og:type\" content=\"article\" \/>\n<meta property=\"og:title\" content=\"Blog | Gokce Attorney Partnership\" \/>\n<meta property=\"og:description\" content=\"[vc_row full_width=&#8221;stretch_row_content&#8221; custom_border_color=&#8221;&#8221; background_color=&#8221;custom_color&#8221; el_class=&#8221;category-filter-row&#8221; custom_background_color=&#8221;#f4f4f4&#8243; lg_spacing=&#8221;padding_top:50;padding_bottom:50&#8243;][vc_column][\/vc_column][\/vc_row][vc_row full_width=&#8221;stretch_row_content&#8221; custom_border_color=&#8221;&#8221; background_color=&#8221;custom_color&#8221; el_class=&#8221;category-filter-row&#8221; custom_background_color=&#8221;#e9e9e9&#8243; lg_spacing=&#8221;padding_top:35;padding_bottom:35&#8243;][vc_column][\/vc_column][\/vc_row][vc_row full_width=&#8221;stretch_row_content&#8221; equal_height=&#8221;yes&#8221; lg_spacing=&#8221;margin_top:50&#8243;][vc_column offset=&#8221;vc_col-lg-offset-2 vc_col-lg-8 vc_col-md-12 vc_col-xs-12&#8243;][tm_blog style=&#8221;3&#8243; gutter=&#8221;30&#8243; animation=&#8221;&#8221; el_class=&#8221;custom-blog-container&#8221; number=&#8221;9&#8243; pagination=&#8221;infinite&#8221; pagination_align=&#8221;center&#8221; columns=&#8221;xs:1;sm:2;lg:3&#8243;][\/vc_column][\/vc_row][vc_row disable_element=&#8221;yes&#8221;][vc_column][vc_widget_sidebar sidebar_id=&#8221;blog_sidebar&#8221; el_class=&#8221;blog-page-sidebar no-pad-left&#8221;][\/vc_column][\/vc_row]\" \/>\n<meta property=\"og:url\" content=\"https:\/\/gokce.av.tr\/en\/blog\/\" \/>\n<meta property=\"og:site_name\" content=\"Gokce Attorney Partnership\" \/>\n<meta property=\"article:modified_time\" content=\"2017-08-10T09:03:05+00:00\" \/>\n<meta name=\"twitter:card\" content=\"summary_large_image\" \/>\n<meta name=\"twitter:label1\" content=\"Est. reading time\" \/>\n\t<meta name=\"twitter:data1\" content=\"1 minute\" \/>\n<script type=\"application\/ld+json\" class=\"yoast-schema-graph\">{\"@context\":\"https:\/\/schema.org\",\"@graph\":[{\"@type\":\"WebPage\",\"@id\":\"https:\/\/gokce.av.tr\/en\/blog\/\",\"url\":\"https:\/\/gokce.av.tr\/en\/blog\/\",\"name\":\"Blog | Gokce Attorney Partnership\",\"isPartOf\":{\"@id\":\"https:\/\/gokce.av.tr\/en\/#website\"},\"datePublished\":\"2017-06-23T09:29:35+00:00\",\"dateModified\":\"2017-08-10T09:03:05+00:00\",\"breadcrumb\":{\"@id\":\"https:\/\/gokce.av.tr\/en\/blog\/#breadcrumb\"},\"inLanguage\":\"en-US\",\"potentialAction\":[{\"@type\":\"ReadAction\",\"target\":[\"https:\/\/gokce.av.tr\/en\/blog\/\"]}]},{\"@type\":\"BreadcrumbList\",\"@id\":\"https:\/\/gokce.av.tr\/en\/blog\/#breadcrumb\",\"itemListElement\":[{\"@type\":\"ListItem\",\"position\":1,\"name\":\"Home\",\"item\":\"https:\/\/gokce.av.tr\/en\/\"},{\"@type\":\"ListItem\",\"position\":2,\"name\":\"Blog\"}]},{\"@type\":\"WebSite\",\"@id\":\"https:\/\/gokce.av.tr\/en\/#website\",\"url\":\"https:\/\/gokce.av.tr\/en\/\",\"name\":\"Gokce Attorney Partnership\",\"description\":\"\",\"publisher\":{\"@id\":\"https:\/\/gokce.av.tr\/en\/#organization\"},\"potentialAction\":[{\"@type\":\"SearchAction\",\"target\":{\"@type\":\"EntryPoint\",\"urlTemplate\":\"https:\/\/gokce.av.tr\/en\/?s={search_term_string}\"},\"query-input\":{\"@type\":\"PropertyValueSpecification\",\"valueRequired\":true,\"valueName\":\"search_term_string\"}}],\"inLanguage\":\"en-US\"},{\"@type\":\"Organization\",\"@id\":\"https:\/\/gokce.av.tr\/en\/#organization\",\"name\":\"G\u00f6k\u00e7e Avukatl\u0131k\",\"url\":\"https:\/\/gokce.av.tr\/en\/\",\"logo\":{\"@type\":\"ImageObject\",\"inLanguage\":\"en-US\",\"@id\":\"https:\/\/gokce.av.tr\/en\/#\/schema\/logo\/image\/\",\"url\":\"http:\/\/gokce.av.tr\/wp-content\/uploads\/2017\/06\/logo-dark.png\",\"contentUrl\":\"http:\/\/gokce.av.tr\/wp-content\/uploads\/2017\/06\/logo-dark.png\",\"width\":171,\"height\":70,\"caption\":\"G\u00f6k\u00e7e Avukatl\u0131k\"},\"image\":{\"@id\":\"https:\/\/gokce.av.tr\/en\/#\/schema\/logo\/image\/\"}}]}<\/script>","yoast_head_json":{"title":"Blog | Gokce Attorney Partnership","robots":{"index":"index","follow":"follow","max-snippet":"max-snippet:-1","max-image-preview":"max-image-preview:large","max-video-preview":"max-video-preview:-1"},"canonical":"https:\/\/gokce.av.tr\/en\/blog\/","og_locale":"en_US","og_type":"article","og_title":"Blog | Gokce Attorney Partnership","og_description":"[vc_row full_width=&#8221;stretch_row_content&#8221; custom_border_color=&#8221;&#8221; background_color=&#8221;custom_color&#8221; el_class=&#8221;category-filter-row&#8221; custom_background_color=&#8221;#f4f4f4&#8243; lg_spacing=&#8221;padding_top:50;padding_bottom:50&#8243;][vc_column][\/vc_column][\/vc_row][vc_row full_width=&#8221;stretch_row_content&#8221; custom_border_color=&#8221;&#8221; background_color=&#8221;custom_color&#8221; el_class=&#8221;category-filter-row&#8221; custom_background_color=&#8221;#e9e9e9&#8243; lg_spacing=&#8221;padding_top:35;padding_bottom:35&#8243;][vc_column][\/vc_column][\/vc_row][vc_row full_width=&#8221;stretch_row_content&#8221; equal_height=&#8221;yes&#8221; lg_spacing=&#8221;margin_top:50&#8243;][vc_column offset=&#8221;vc_col-lg-offset-2 vc_col-lg-8 vc_col-md-12 vc_col-xs-12&#8243;][tm_blog style=&#8221;3&#8243; gutter=&#8221;30&#8243; animation=&#8221;&#8221; el_class=&#8221;custom-blog-container&#8221; number=&#8221;9&#8243; pagination=&#8221;infinite&#8221; pagination_align=&#8221;center&#8221; columns=&#8221;xs:1;sm:2;lg:3&#8243;][\/vc_column][\/vc_row][vc_row disable_element=&#8221;yes&#8221;][vc_column][vc_widget_sidebar sidebar_id=&#8221;blog_sidebar&#8221; el_class=&#8221;blog-page-sidebar no-pad-left&#8221;][\/vc_column][\/vc_row]","og_url":"https:\/\/gokce.av.tr\/en\/blog\/","og_site_name":"Gokce Attorney Partnership","article_modified_time":"2017-08-10T09:03:05+00:00","twitter_card":"summary_large_image","twitter_misc":{"Est. reading time":"1 minute"},"schema":{"@context":"https:\/\/schema.org","@graph":[{"@type":"WebPage","@id":"https:\/\/gokce.av.tr\/en\/blog\/","url":"https:\/\/gokce.av.tr\/en\/blog\/","name":"Blog | Gokce Attorney Partnership","isPartOf":{"@id":"https:\/\/gokce.av.tr\/en\/#website"},"datePublished":"2017-06-23T09:29:35+00:00","dateModified":"2017-08-10T09:03:05+00:00","breadcrumb":{"@id":"https:\/\/gokce.av.tr\/en\/blog\/#breadcrumb"},"inLanguage":"en-US","potentialAction":[{"@type":"ReadAction","target":["https:\/\/gokce.av.tr\/en\/blog\/"]}]},{"@type":"BreadcrumbList","@id":"https:\/\/gokce.av.tr\/en\/blog\/#breadcrumb","itemListElement":[{"@type":"ListItem","position":1,"name":"Home","item":"https:\/\/gokce.av.tr\/en\/"},{"@type":"ListItem","position":2,"name":"Blog"}]},{"@type":"WebSite","@id":"https:\/\/gokce.av.tr\/en\/#website","url":"https:\/\/gokce.av.tr\/en\/","name":"Gokce Attorney Partnership","description":"","publisher":{"@id":"https:\/\/gokce.av.tr\/en\/#organization"},"potentialAction":[{"@type":"SearchAction","target":{"@type":"EntryPoint","urlTemplate":"https:\/\/gokce.av.tr\/en\/?s={search_term_string}"},"query-input":{"@type":"PropertyValueSpecification","valueRequired":true,"valueName":"search_term_string"}}],"inLanguage":"en-US"},{"@type":"Organization","@id":"https:\/\/gokce.av.tr\/en\/#organization","name":"G\u00f6k\u00e7e Avukatl\u0131k","url":"https:\/\/gokce.av.tr\/en\/","logo":{"@type":"ImageObject","inLanguage":"en-US","@id":"https:\/\/gokce.av.tr\/en\/#\/schema\/logo\/image\/","url":"http:\/\/gokce.av.tr\/wp-content\/uploads\/2017\/06\/logo-dark.png","contentUrl":"http:\/\/gokce.av.tr\/wp-content\/uploads\/2017\/06\/logo-dark.png","width":171,"height":70,"caption":"G\u00f6k\u00e7e Avukatl\u0131k"},"image":{"@id":"https:\/\/gokce.av.tr\/en\/#\/schema\/logo\/image\/"}}]}},"_links":{"self":[{"href":"https:\/\/gokce.av.tr\/en\/wp-json\/wp\/v2\/pages\/232","targetHints":{"allow":["GET"]}}],"collection":[{"href":"https:\/\/gokce.av.tr\/en\/wp-json\/wp\/v2\/pages"}],"about":[{"href":"https:\/\/gokce.av.tr\/en\/wp-json\/wp\/v2\/types\/page"}],"author":[{"embeddable":true,"href":"https:\/\/gokce.av.tr\/en\/wp-json\/wp\/v2\/users\/1"}],"replies":[{"embeddable":true,"href":"https:\/\/gokce.av.tr\/en\/wp-json\/wp\/v2\/comments?post=232"}],"version-history":[{"count":0,"href":"https:\/\/gokce.av.tr\/en\/wp-json\/wp\/v2\/pages\/232\/revisions"}],"wp:attachment":[{"href":"https:\/\/gokce.av.tr\/en\/wp-json\/wp\/v2\/media?parent=232"}],"curies":[{"name":"wp","href":"https:\/\/api.w.org\/{rel}","templated":true}]}}